{"id":1931,"date":"2020-10-28T22:08:28","date_gmt":"2020-10-28T19:08:28","guid":{"rendered":"http:\/\/asphalt-beton.com\/?page_id=1931"},"modified":"2022-09-10T09:49:43","modified_gmt":"2022-09-10T06:49:43","slug":"datenschutz","status":"publish","type":"page","link":"http:\/\/asphalt-beton.com\/de\/datenschutz\/","title":{"rendered":"Datenschutz"},"content":{"rendered":"<p>DATENSCHUTZ\u00adERKL\u00c4RUNG<\/p>\n<p>Wir freuen uns \u00fcber Ihren Besuch auf unseren Web-Seiten und Ihr Interesse an\u00a0 unseren Produkten und Dienstleistungen. Wir m\u00f6chten, dass Sie sich beim Besuch unserer Internet-Seiten sicher f\u00fchlen. Der Schutz Ihrer Privatsph\u00e4re bei der Verarbeitung personenbezogener Daten ist uns ein wichtiges Anliegen. Im Folgenden erfahren Sie, wie wir diesen Schutz gew\u00e4hrleisten und welche Daten zu welchen Zwecken erhoben werden.<\/p>\n<p>&nbsp;<\/p>\n<ol>\n<li>NAME UND KONTAKTDATEN DES F\u00dcR DIE VERARBEITUNG VERANTWORTLICHEN<\/li>\n<\/ol>\n<p>Verantwortliche Stelle: Hermes Capital GmbH, vertreten durch die Gesch\u00e4ftsf\u00fchrung, Hofackerzeile 10, 13627 Berlin. E-Mail: info@destco.info, Telefon: xxxxxxxx, Telefax: xxxxxxxx<\/p>\n<p>&nbsp;<\/p>\n<p>IP-Adresse des anfragenden Rechners,<\/p>\n<p>&#8211; Datum und Uhrzeit des Zugriffs,<\/p>\n<p>&#8211; Port,<\/p>\n<p>&#8211; Destination IP,<\/p>\n<p>&#8211; Source IP.<\/p>\n<p>Die genannten Daten werden von uns f\u00fcr folgende Zwecke verarbeitet:<\/p>\n<p>&nbsp;<\/p>\n<ul>\n<li>Gew\u00e4hrleistung eines reibungslosen Verbindungsaufbaus der Website,<\/li>\n<li>Gew\u00e4hrleistung einer komfortablen Nutzung der Website,<\/li>\n<li>Erkennen und Verhindern von Angriffen auf die IT-Infrastruktur.<\/li>\n<\/ul>\n<p>&nbsp;<\/p>\n<p>Die Rechtsgrundlage f\u00fcr die Datenverarbeitung ist Art. 6 Abs. 1 S. 1 lit. f) DS-GVO. Das berechtigte Interesse der Rentenbank folgt aus vorstehend aufgelisteten Zwecken der Datenerhebung. Die Daten werden nicht erhoben, um R\u00fcckschl\u00fcsse auf eine individuelle Person zu ziehen. Auch eine statistische Auswertung der Daten wird seitens der Landwirtschaftlichen Rentenbank nicht durchgef\u00fchrt. Es findet eine automatische L\u00f6schung der erhobenen Daten auf unserem Server statt. Dar\u00fcber hinaus werden bei dem Besuch unserer Website Cookies (s. Ziff. 4) sowie Analysedienste (s. Ziff. 5) eingesetzt.<\/p>\n<p>&nbsp;<\/p>\n<ol>\n<li>b) bei der Nutzung unseres Kontaktformulars<\/li>\n<\/ol>\n<p>Bei Fragen jeglicher Art haben Sie die M\u00f6glichkeit, uns eine E-Mail oder eine Nachricht per Kontaktformular zu senden. Dabei sind die Angabe von Vorname, Nachname, Telefon und E-Mail Adresse erforderlich, damit wir wissen, von wem die Anfrage stammt, und um diese beantworten zu k\u00f6nnen. Weitere Angaben k\u00f6nnen freiwillig get\u00e4tigt werden. Die erhobenen Daten werden ausschlie\u00dflich f\u00fcr die Kontaktaufnahme und Korrespondenz mit Ihnen verwendet. Durch Setzen des entsprechenden H\u00e4kchens im Rahmen der Nutzung des Kontaktformulars willigen Sie in die Verarbeitung Ihrer Daten zur Bearbeitung Ihrer Anfrage ein. Die Datenerhebung zum Zwecke der Kontaktaufnahme mit uns und unsere Datenverarbeitung zur Bearbeitung Ihrer Anfrage erfolgt gem. Art. 6 Abs. 1 S. 1 lit. a) DS-GVO auf Grundlage Ihrer freiwillig erteilten Einwilligung.<\/p>\n<p>&nbsp;<\/p>\n<p>Die bei der Benutzung des Kontaktformulars von uns erhobenen Daten werden nach Erledigung der von Ihnen gestellten Anfrage nach maximal sechs Monaten aus dem Content-Management-System (CMS) gel\u00f6scht.<\/p>\n<p>&nbsp;<\/p>\n<ol>\n<li>c) Ort der Datenverarbeitung<\/li>\n<\/ol>\n<p>&nbsp;<\/p>\n<p>Die Verarbeitung Ihrer personenbezogenen Daten findet ausschlie\u00dflich in Deutschland statt. Eine \u00dcbermittlung von personenbezogenen Daten in L\u00e4nder au\u00dferhalb der EU bzw. des EWR (sog. Drittl\u00e4nder) ist seitens der Hermes Gruppe nicht geplant.<\/p>\n<p>&nbsp;<\/p>\n<ol start=\"3\">\n<li>WEITERGABE VON DATEN<\/li>\n<\/ol>\n<p>Eine Weitergabe Ihrer pers\u00f6nlichen Daten an Dritte findet grunds\u00e4tzlich nicht statt. Sollte eine Weitergabe erfolgen sollen, werden Sie hier\u00fcber an geeigneter Stelle informiert.<\/p>\n<p>&nbsp;<\/p>\n<ol start=\"4\">\n<li>COOKIES<\/li>\n<\/ol>\n<p>Auf unserer Website werden Cookies eingesetzt. Dabei handelt es sich um kleine Textdateien, die auf Ihrem Endger\u00e4t gespeichert werden, wenn Sie unsere Seite besuchen, soweit es die Browsereinstellung Ihres Endger\u00e4ts zul\u00e4sst. In dem Cookie werden Informationen abgelegt, die sich jeweils im Zusammenhang mit dem spezifisch eingesetzten Endger\u00e4t ergeben. Wir unterscheiden zwischen Cookies, die f\u00fcr die technischen Funktionen des Online-Angebots zwingend erforderlich sind und solchen Cookies, die f\u00fcr die statistische Auswertung zur Verbesserung der Funktionalit\u00e4ten unserer Website und deren Anpassung an das Nutzerverhalten notwendig sind.<\/p>\n<p>&nbsp;<\/p>\n<ol>\n<li>a) Technisch notwendige Cookies<\/li>\n<\/ol>\n<p>&nbsp;<\/p>\n<p>Unter technisch notwendigen Cookies verstehen wir Cookies, ohne die die technische Bereitstellung des Online-Angebots nicht gew\u00e4hrleistet werden kann. Diese dienen z.B. der Verbindungssteuerung w\u00e4hrend einer Online-Sitzung (sog. Session Cookies). Diese Cookies werden gel\u00f6scht, sobald die Browsersitzung beendet wird.<\/p>\n<p>&nbsp;<\/p>\n<ol>\n<li>b) Cookies zur statistischen Auswertung<\/li>\n<\/ol>\n<p>&nbsp;<\/p>\n<p>Die durch die technisch notwendigen Cookies verarbeiteten Daten sind f\u00fcr die genannten Zwecke zur Wahrung der berechtigten Interessen der Landwirtschaftlichen Rentenbank nach Art. 6 Abs. 1 S. 1 lit. f) DS-GVO erforderlich.<\/p>\n<p>Wir setzen Cookies ein, um die Nutzung unserer Website statistisch zu erfassen (Technologien der etracker GmbH) und so unser Angebot zu optimieren. Diese Cookies verwenden wir jedoch nur, wenn Sie sich hiermit vorher einverstanden erkl\u00e4rt haben (s. Ziff. 5).<\/p>\n<p>&nbsp;<\/p>\n<ol>\n<li>c) Sofern Sie eine Speicherung von Cookies auf Ihrem Endger\u00e4t nicht w\u00fcnschen oder stets ein Hinweis erscheinen soll, bevor ein neuer Cookie angelegt wird, k\u00f6nnen Sie Ihren Browser entsprechend konfigurieren. Die vollst\u00e4ndige Deaktivierung von Cookies kann jedoch dazu f\u00fchren, dass Sie nicht alle Funktionen unserer Website nutzen k\u00f6nnen.<\/li>\n<\/ol>\n<p>&nbsp;<\/p>\n<ol start=\"5\">\n<li>ANALYSE-TOOL<\/li>\n<\/ol>\n<p>&nbsp;<\/p>\n<p>Zu Analyse- und Optimierungszwecken verwenden wir Technologien der etracker GmbH aus Hamburg. Bei dem Besuch unserer Website werden Cookies (Ziff. 4) eingesetzt, die eine statistische Analyse der Nutzung dieser Website erm\u00f6glichen. Ein Einsatz dieser Cookies erfolgt jedoch erst und nur dann, wenn Sie sich hiermit durch Klick auf den Button \u201eJa, ich stimme zu.\u201c einverstanden erkl\u00e4rt haben. Bei einem Klick auf \u201eNein, ich stimme nicht zu.\u201c erfolgt keine statistische Auswertung und es wird ein Cookie gesetzt, in dem abgespeichert wird, dass Ihr Besuch auch in Zukunft nicht statistisch ausgewertet wird. Die erzeugten Daten werden von der etracker GmbH ausschlie\u00dflich in Deutschland verarbeitet und gespeichert.<\/p>\n<p>&nbsp;<\/p>\n<p>Bei der statistischen Auswertung werden z. B. folgende Informationen gesammelt und gespeichert:<\/p>\n<p>&#8211; verwendeter Ger\u00e4tetyp (Desktop, Tablet, Mobile usw.)<\/p>\n<p>&#8211; verwendetes Betriebssystem und -version<\/p>\n<p>&#8211; Browser-Typ und Version<\/p>\n<p>&#8211; Standortanalyse (Bundesland, Land, Browsersprache)<\/p>\n<p>&#8211; neuer Besucher oder wiederkehrender Besucher<\/p>\n<p>Die etracker GmbH verk\u00fcrzt zum fr\u00fchestm\u00f6glichen Zeitpunkt die \u00fcbermittelte IP-Adresse, wodurch eine wirksame Anonymisierung dieses Datensatzes erzielt wird und keine eindeutige Zuweisung zu einem Nutzer mehr m\u00f6glich ist. Die K\u00fcrzung der IP-Adresse erfolgt standardm\u00e4\u00dfig automatisiert, ohne dass der Kunde irgendwelche speziellen Anpassungen oder Konfigurationen vornehmen muss. Eine andere Verwendung, Zusammenf\u00fchrung mit anderen Daten oder eine Weitergabe an Dritte erfolgt nicht.<\/p>\n<p>&nbsp;<\/p>\n<p>N\u00e4here Informationen der etracker GmbH zum Datenschutz finden Sie unter https:\/\/www.etracker.com\/datenschutz\/<\/p>\n<p>&nbsp;<\/p>\n<p>Eine \u00dcbersicht zu den von etracker eingesetzten Cookies und der jeweiligen Speicherdauer finden Sie unter<\/p>\n<p>https:\/\/www.etracker.com\/support\/etracker-cookies-2\/<\/p>\n<p>&nbsp;<\/p>\n<p>F\u00fcr die in den Erkl\u00e4rungen von etracker enthaltenen Informationen \u00fcbernehmen wir keine Verantwortung.<\/p>\n<p>&nbsp;<\/p>\n<ol start=\"6\">\n<li>SOCIAL-MEDIA-LINK<\/li>\n<\/ol>\n<p>&nbsp;<\/p>\n<p>Auf unserer Website werden ein externe Links zu Linkedin und XING verwendet. Es erfolgt hierbei allerdings keine Daten\u00fcbermittlung an Linkedin und XING, eine direkte Verbindung zu Servern von Linkedin und XING wird durch den Besuch unserer Website nicht aufgebaut, sondern erfolgt erst, wenn Sie auf den Link klicken. Die Verantwortung f\u00fcr den datenschutzkonformen Betrieb der externen Website ist durch Linkedin und XING zu gew\u00e4hrleisten.<\/p>\n<p>Hierf\u00fcr \u00fcbernimmt die Hermes Gruppe keine Verantwortung.<\/p>\n<p>&nbsp;<\/p>\n<ol start=\"7\">\n<li>BETROFFENENRECHTE<\/li>\n<\/ol>\n<p>&nbsp;<\/p>\n<p>Sie haben das Recht:<\/p>\n<p>&nbsp;<\/p>\n<ol>\n<li>a) gem. Art. 7 Abs. 3 DS-GVO Ihre einmal erteilte Einwilligung jederzeit (schriftlich, telefonisch, per Fax, per E-Mail) gegen\u00fcber uns zu widerrufen. Dies hat zur Folge, dass wir die Datenverarbeitung, die auf dieser Einwilligung beruhte, in der Zukunft nicht mehr fortf\u00fchren d\u00fcrfen;<\/li>\n<\/ol>\n<p>&nbsp;<\/p>\n<ol>\n<li>b) gem. Art. 15 DS-GVO Auskunft \u00fcber Ihre von uns verarbeiteten personenbezogenen Daten zu verlangen. Sie k\u00f6nnen bspw. Auskunft \u00fcber die Verarbeitungszwecke, die Kategorie der personenbezogenen Daten, die Kategorien von Empf\u00e4ngern, gegen\u00fcber denen Ihre Daten offengelegt wurden oder werden, die geplante Speicherdauer verlangen;<\/li>\n<\/ol>\n<p>&nbsp;<\/p>\n<ol>\n<li>c) gem. Art. 16 DS-GVO unverz\u00fcglich die Berichtigung unrichtiger oder Vervollst\u00e4ndigung Ihrer bei uns gespeicherten personenbezogenen Daten zu verlangen;<\/li>\n<\/ol>\n<p>&nbsp;<\/p>\n<ol>\n<li>d) gem. Art. 17 DS-GVO die L\u00f6schung Ihrer bei uns gespeicherten personenbezogenen Daten zu verlangen, soweit nicht die Verarbeitung zur Aus\u00fcbung des Rechts auf freie Meinungs\u00e4u\u00dferung und Information, zur Erf\u00fcllung einer rechtlichen Verpflichtung, aus Gr\u00fcnden des \u00f6ffentlichen Interesses oder zur Geltendmachung, Aus\u00fcbung oder Verteidigung von Rechtsanspr\u00fcchen erforderlich ist;<\/li>\n<\/ol>\n<p>&nbsp;<\/p>\n<ol>\n<li>e) gem. Art. 18 DS-GVO die Einschr\u00e4nkung der Verarbeitung Ihrer personenbezogenen Daten zu verlangen, soweit z. B. die Richtigkeit der Daten von Ihnen bestritten wird, die Verarbeitung unrechtm\u00e4\u00dfig ist, Sie aber deren L\u00f6schung ablehnen oder Sie gem\u00e4\u00df Art. 21 DS-GVO Widerspruch gegen die Verarbeitung eingelegt haben (s. Ziff. 8);<\/li>\n<\/ol>\n<p>&nbsp;<\/p>\n<ol>\n<li>f) gem. Art. 20 DS- GVO Ihre personenbezogenen Daten, die Sie uns bereitgestellt haben, in einem strukturierten, g\u00e4ngigen und maschinenlesebaren Format zu erhalten oder die \u00dcbermittlung an einen anderen Verantwortlichen zu verlangen und<\/li>\n<\/ol>\n<p>&nbsp;<\/p>\n<ol>\n<li>g) gem. Art. 77 DS-GVO eine Beschwerde an die Aufsichtsbeh\u00f6rde zu richten, wenn Sie der Auffassung sind, dass die Datenverarbeitung durch die Hermes Gruppe rechtswidrig erfolgt. Bei Beschwerden k\u00f6nnen Sie sich an den Bundesbeauftragten f\u00fcr Datenschutz und Informationsfreiheit wenden.<\/li>\n<\/ol>\n<p>&nbsp;<\/p>\n<ol start=\"8\">\n<li>WIDERSPRUCHSRECHT<\/li>\n<\/ol>\n<p>&nbsp;<\/p>\n<p>Sofern die Grundlage f\u00fcr die Datenverarbeitung Art. 6 Abs. 1 S. 1 lit. f) DS-GVO (Wahrnehmung berechtigter Interessen) ist, haben Sie das Recht, gem. Art. 21 DS-GVO jederzeit Widerspruch gegen die Verarbeitung Ihrer personenbezogenen Daten einzulegen, soweit daf\u00fcr Gr\u00fcnde vorliegen, die sich aus Ihrer besonderen Situation ergeben, oder wenn sich der Widerspruch gegen eine Datenverarbeitung zu Zwecken der Direktwerbung richtet. Im letztgenannten Fall steht Ihnen ein generelles Widerspruchsrecht zu, welches ohne Angabe von Gr\u00fcnden, die sich aus Ihrer besonderen Situation ergeben, von uns umgesetzt wird (Art. 21 Abs. 2 DS-GVO).<\/p>\n<p>&nbsp;<\/p>\n<p>Legen Sie aus Gr\u00fcnden, die sich aus Ihrer besonderen Situation ergeben, Widerspruch ein, werden wir Ihre personenbezogenen Daten nicht mehr verarbeiten, es sei denn, wir k\u00f6nnen zwingende schutzw\u00fcrdige Gr\u00fcnde f\u00fcr die Verarbeitung nachweisen, die Ihre Interessen, Rechte und Freiheiten \u00fcberwiegen, oder die Verarbeitung dient der Geltendmachung, Aus\u00fcbung oder Verteidigung von Rechtsanspr\u00fcchen (Art. 21 Abs. 1 DS-GVO).<\/p>\n<p>&nbsp;<\/p>\n<p>M\u00f6chten Sie von Ihrem Widerrufsrecht (vgl. Ziff. 7 lit. a)) oder Ihrem Widerspruchsrecht Gebrauch machen, ist eine E-Mail an info@destco.info ausreichend. Alternativ k\u00f6nnen Sie diesbez\u00fcglich auch telefonisch, per Fax oder per Post mit uns in Verbindung treten.<\/p>\n<p>&nbsp;<\/p>\n<p>&nbsp;<\/p>\n<p>Mit freundlichen Gr\u00fc\u00dfen \/ Yours sincerely \/\u00a0Bon cordialements \/\u00a0Cordiali saluti<\/p>\n<p>&nbsp;<\/p>\n<p>Dr. Stefan Deilhof<\/p>\n<p>Member of the management<\/p>\n<p>&nbsp;<\/p>\n<p>&nbsp;<\/p>\n<p>Hermes Capital GmbH<\/p>\n<p>Postanschrift:<\/p>\n<p>Postfach 14 16, 15703 K\u00f6nigs Wusterhausen<\/p>\n<p>Adresse:<\/p>\n<p>Hofackerzeile 10<\/p>\n<p>13627 Berlin, Germany\u00a0\u00a0\u00a0\u00a0\u00a0\u00a0\u00a0\u00a0\u00a0\u00a0\u00a0\u00a0\u00a0\u00a0\u00a0\u00a0\u00a0\u00a0\u00a0\u00a0\u00a0\u00a0\u00a0\u00a0\u00a0\u00a0\u00a0\u00a0\u00a0\u00a0\u00a0\u00a0\u00a0\u00a0\u00a0\u00a0\u00a0\u00a0\u00a0\u00a0\u00a0\u00a0\u00a0\u00a0\u00a0\u00a0\u00a0\u00a0\u00a0\u00a0\u00a0\u00a0\u00a0\u00a0\u00a0\u00a0\u00a0\u00a0\u00a0\u00a0\u00a0\u00a0\u00a0\u00a0<\/p>\n<p>Tel: +49 33762 808870<\/p>\n<p>Fax: +49 33762 223129<\/p>\n<p>E-Mail:\u00a0<a href=\"mailto:sd@hermes-capital.de\">sd@hermes-capital.de<\/a><\/p>\n<p>Web:\u00a0<a href=\"http:\/\/www.hermes-capital.de\/\">www.hermes-capital.de<\/a><\/p>\n<p>&nbsp;<\/p>\n<p>Sitz der Gesellschaft: Berlin Amtsgericht Charlottenburg &#8211; HRB 214335 B \u2013 Gerichtsstand: Berlin \u2013 Vertretungsberechtigter Gesch\u00e4ftsf\u00fchrer: Svetlana Deilhof &#8211; Steuernummer: 1127 \/ 342 \/ 50055 \u2013 UmSt- Id.Nr.- DE334673171 &#8211; EORI Nr. DE231272160274161<\/p>\n<p>__________________________________________________________________________________________________________<\/p>\n<p>This e-mail message and its attachments are intended solely for the use of the addressee and may contain legally privileged and confidential information. If the reader of this message is not the intended recipient, nor an employee or agent responsible for delivering this message to the intended recipient, please note that any dissemination, distribution, copying, or other use of this message or its attachments is strictly prohibited. If you have received this message in error, please notify the sender immediately and delete this message.<\/p>\n","protected":false},"excerpt":{"rendered":"<p>DATENSCHUTZ\u00adERKL\u00c4RUNG Wir freuen uns \u00fcber Ihren Besuch auf unseren Web-Seiten und Ihr Interesse an\u00a0 unseren Produkten und Dienstleistungen. Wir m\u00f6chten, dass Sie sich beim Besuch unserer Internet-Seiten sicher f\u00fchlen. Der Schutz Ihrer Privatsph\u00e4re bei der Verarbeitung personenbezogener Daten ist uns ein wichtiges Anliegen. Im Folgenden erfahren Sie, wie wir diesen Schutz gew\u00e4hrleisten und welche Daten [&hellip;]<\/p>\n","protected":false},"author":1,"featured_media":3213,"parent":0,"menu_order":0,"comment_status":"closed","ping_status":"closed","template":"","meta":[],"yoast_head":"\n<title>Datenschutz<\/title>\n<meta name=\"robots\" content=\"index, follow, max-snippet:-1, max-image-preview:large, max-video-preview:-1\" \/>\n<link rel=\"canonical\" href=\"http:\/\/asphalt-beton.com\/de\/datenschutz\/\" \/>\n<meta property=\"og:locale\" content=\"de_DE\" \/>\n<meta property=\"og:type\" content=\"article\" \/>\n<meta property=\"og:title\" content=\"Datenschutz\" \/>\n<meta property=\"og:description\" content=\"DATENSCHUTZ\u00adERKL\u00c4RUNG Wir freuen uns \u00fcber Ihren Besuch auf unseren Web-Seiten und Ihr Interesse an\u00a0 unseren Produkten und Dienstleistungen. Wir m\u00f6chten, dass Sie sich beim Besuch unserer Internet-Seiten sicher f\u00fchlen. Der Schutz Ihrer Privatsph\u00e4re bei der Verarbeitung personenbezogener Daten ist uns ein wichtiges Anliegen. Im Folgenden erfahren Sie, wie wir diesen Schutz gew\u00e4hrleisten und welche Daten [&hellip;]\" \/>\n<meta property=\"og:url\" content=\"http:\/\/asphalt-beton.com\/de\/datenschutz\/\" \/>\n<meta property=\"og:site_name\" content=\"Hermes Chemistry\" \/>\n<meta property=\"article:modified_time\" content=\"2022-09-10T06:49:43+00:00\" \/>\n<meta property=\"og:image\" content=\"http:\/\/asphalt-beton.com\/wp-content\/uploads\/chistyj-oborotnyj-kapital-predpriyatiya-kak-rasschitat-3.jpg\" \/>\n\t<meta property=\"og:image:width\" content=\"1920\" \/>\n\t<meta property=\"og:image:height\" content=\"247\" \/>\n\t<meta property=\"og:image:type\" content=\"image\/jpeg\" \/>\n<meta name=\"twitter:card\" content=\"summary_large_image\" \/>\n<meta name=\"twitter:label1\" content=\"Gesch\u00e4tzte Lesezeit\" \/>\n\t<meta name=\"twitter:data1\" content=\"9\u00a0Minuten\" \/>\n<script type=\"application\/ld+json\" class=\"yoast-schema-graph\">{\"@context\":\"https:\/\/schema.org\",\"@graph\":[{\"@type\":[\"Person\",\"Organization\"],\"@id\":\"http:\/\/asphalt-beton.com\/ru\/#\/schema\/person\/23eadd1cd6d17e36a76637d2760d3675\",\"name\":\"\u0410\u0434\u043c\u0438\u043d\u0438\u0441\u0442\u0440\u0430\u0442\u043e\u0440\",\"image\":{\"@type\":\"ImageObject\",\"@id\":\"http:\/\/asphalt-beton.com\/ru\/#personlogo\",\"inLanguage\":\"de\",\"url\":\"http:\/\/2.gravatar.com\/avatar\/217b36abf187631134d10afb569e3a35?s=96&d=identicon&r=g\",\"contentUrl\":\"http:\/\/2.gravatar.com\/avatar\/217b36abf187631134d10afb569e3a35?s=96&d=identicon&r=g\",\"caption\":\"\u0410\u0434\u043c\u0438\u043d\u0438\u0441\u0442\u0440\u0430\u0442\u043e\u0440\"},\"logo\":{\"@id\":\"http:\/\/asphalt-beton.com\/ru\/#personlogo\"},\"sameAs\":[\"http:\/\/asphalt-beton.com\"]},{\"@type\":\"WebSite\",\"@id\":\"http:\/\/asphalt-beton.com\/ru\/#website\",\"url\":\"http:\/\/asphalt-beton.com\/ru\/\",\"name\":\"Hermes Chemistry\",\"description\":\"\u0415\u0449\u0451 \u043e\u0434\u0438\u043d \u0441\u0430\u0439\u0442 \u043d\u0430 WordPress\",\"publisher\":{\"@id\":\"http:\/\/asphalt-beton.com\/ru\/#\/schema\/person\/23eadd1cd6d17e36a76637d2760d3675\"},\"potentialAction\":[{\"@type\":\"SearchAction\",\"target\":{\"@type\":\"EntryPoint\",\"urlTemplate\":\"http:\/\/asphalt-beton.com\/ru\/?s={search_term_string}\"},\"query-input\":\"required name=search_term_string\"}],\"inLanguage\":\"de\"},{\"@type\":\"ImageObject\",\"@id\":\"http:\/\/asphalt-beton.com\/de\/datenschutz\/#primaryimage\",\"inLanguage\":\"de\",\"url\":\"http:\/\/asphalt-beton.com\/wp-content\/uploads\/chistyj-oborotnyj-kapital-predpriyatiya-kak-rasschitat-3.jpg\",\"contentUrl\":\"http:\/\/asphalt-beton.com\/wp-content\/uploads\/chistyj-oborotnyj-kapital-predpriyatiya-kak-rasschitat-3.jpg\",\"width\":1920,\"height\":247},{\"@type\":\"WebPage\",\"@id\":\"http:\/\/asphalt-beton.com\/de\/datenschutz\/#webpage\",\"url\":\"http:\/\/asphalt-beton.com\/de\/datenschutz\/\",\"name\":\"Datenschutz\",\"isPartOf\":{\"@id\":\"http:\/\/asphalt-beton.com\/ru\/#website\"},\"primaryImageOfPage\":{\"@id\":\"http:\/\/asphalt-beton.com\/de\/datenschutz\/#primaryimage\"},\"datePublished\":\"2020-10-28T19:08:28+00:00\",\"dateModified\":\"2022-09-10T06:49:43+00:00\",\"breadcrumb\":{\"@id\":\"http:\/\/asphalt-beton.com\/de\/datenschutz\/#breadcrumb\"},\"inLanguage\":\"de\",\"potentialAction\":[{\"@type\":\"ReadAction\",\"target\":[\"http:\/\/asphalt-beton.com\/de\/datenschutz\/\"]}]},{\"@type\":\"BreadcrumbList\",\"@id\":\"http:\/\/asphalt-beton.com\/de\/datenschutz\/#breadcrumb\",\"itemListElement\":[{\"@type\":\"ListItem\",\"position\":1,\"name\":\"Zuhause\",\"item\":\"http:\/\/asphalt-beton.com\/de\/index\/\"},{\"@type\":\"ListItem\",\"position\":2,\"name\":\"Datenschutz\"}]}]}<\/script>\n","yoast_head_json":{"title":"Datenschutz","robots":{"index":"index","follow":"follow","max-snippet":"max-snippet:-1","max-image-preview":"max-image-preview:large","max-video-preview":"max-video-preview:-1"},"canonical":"http:\/\/asphalt-beton.com\/de\/datenschutz\/","og_locale":"de_DE","og_type":"article","og_title":"Datenschutz","og_description":"DATENSCHUTZ\u00adERKL\u00c4RUNG Wir freuen uns \u00fcber Ihren Besuch auf unseren Web-Seiten und Ihr Interesse an\u00a0 unseren Produkten und Dienstleistungen. Wir m\u00f6chten, dass Sie sich beim Besuch unserer Internet-Seiten sicher f\u00fchlen. Der Schutz Ihrer Privatsph\u00e4re bei der Verarbeitung personenbezogener Daten ist uns ein wichtiges Anliegen. Im Folgenden erfahren Sie, wie wir diesen Schutz gew\u00e4hrleisten und welche Daten [&hellip;]","og_url":"http:\/\/asphalt-beton.com\/de\/datenschutz\/","og_site_name":"Hermes Chemistry","article_modified_time":"2022-09-10T06:49:43+00:00","og_image":[{"width":1920,"height":247,"url":"http:\/\/asphalt-beton.com\/wp-content\/uploads\/chistyj-oborotnyj-kapital-predpriyatiya-kak-rasschitat-3.jpg","type":"image\/jpeg"}],"twitter_card":"summary_large_image","twitter_misc":{"Gesch\u00e4tzte Lesezeit":"9\u00a0Minuten"},"schema":{"@context":"https:\/\/schema.org","@graph":[{"@type":["Person","Organization"],"@id":"http:\/\/asphalt-beton.com\/ru\/#\/schema\/person\/23eadd1cd6d17e36a76637d2760d3675","name":"\u0410\u0434\u043c\u0438\u043d\u0438\u0441\u0442\u0440\u0430\u0442\u043e\u0440","image":{"@type":"ImageObject","@id":"http:\/\/asphalt-beton.com\/ru\/#personlogo","inLanguage":"de","url":"http:\/\/2.gravatar.com\/avatar\/217b36abf187631134d10afb569e3a35?s=96&d=identicon&r=g","contentUrl":"http:\/\/2.gravatar.com\/avatar\/217b36abf187631134d10afb569e3a35?s=96&d=identicon&r=g","caption":"\u0410\u0434\u043c\u0438\u043d\u0438\u0441\u0442\u0440\u0430\u0442\u043e\u0440"},"logo":{"@id":"http:\/\/asphalt-beton.com\/ru\/#personlogo"},"sameAs":["http:\/\/asphalt-beton.com"]},{"@type":"WebSite","@id":"http:\/\/asphalt-beton.com\/ru\/#website","url":"http:\/\/asphalt-beton.com\/ru\/","name":"Hermes Chemistry","description":"\u0415\u0449\u0451 \u043e\u0434\u0438\u043d \u0441\u0430\u0439\u0442 \u043d\u0430 WordPress","publisher":{"@id":"http:\/\/asphalt-beton.com\/ru\/#\/schema\/person\/23eadd1cd6d17e36a76637d2760d3675"},"potentialAction":[{"@type":"SearchAction","target":{"@type":"EntryPoint","urlTemplate":"http:\/\/asphalt-beton.com\/ru\/?s={search_term_string}"},"query-input":"required name=search_term_string"}],"inLanguage":"de"},{"@type":"ImageObject","@id":"http:\/\/asphalt-beton.com\/de\/datenschutz\/#primaryimage","inLanguage":"de","url":"http:\/\/asphalt-beton.com\/wp-content\/uploads\/chistyj-oborotnyj-kapital-predpriyatiya-kak-rasschitat-3.jpg","contentUrl":"http:\/\/asphalt-beton.com\/wp-content\/uploads\/chistyj-oborotnyj-kapital-predpriyatiya-kak-rasschitat-3.jpg","width":1920,"height":247},{"@type":"WebPage","@id":"http:\/\/asphalt-beton.com\/de\/datenschutz\/#webpage","url":"http:\/\/asphalt-beton.com\/de\/datenschutz\/","name":"Datenschutz","isPartOf":{"@id":"http:\/\/asphalt-beton.com\/ru\/#website"},"primaryImageOfPage":{"@id":"http:\/\/asphalt-beton.com\/de\/datenschutz\/#primaryimage"},"datePublished":"2020-10-28T19:08:28+00:00","dateModified":"2022-09-10T06:49:43+00:00","breadcrumb":{"@id":"http:\/\/asphalt-beton.com\/de\/datenschutz\/#breadcrumb"},"inLanguage":"de","potentialAction":[{"@type":"ReadAction","target":["http:\/\/asphalt-beton.com\/de\/datenschutz\/"]}]},{"@type":"BreadcrumbList","@id":"http:\/\/asphalt-beton.com\/de\/datenschutz\/#breadcrumb","itemListElement":[{"@type":"ListItem","position":1,"name":"Zuhause","item":"http:\/\/asphalt-beton.com\/de\/index\/"},{"@type":"ListItem","position":2,"name":"Datenschutz"}]}]}},"_links":{"self":[{"href":"http:\/\/asphalt-beton.com\/de\/wp-json\/wp\/v2\/pages\/1931"}],"collection":[{"href":"http:\/\/asphalt-beton.com\/de\/wp-json\/wp\/v2\/pages"}],"about":[{"href":"http:\/\/asphalt-beton.com\/de\/wp-json\/wp\/v2\/types\/page"}],"author":[{"embeddable":true,"href":"http:\/\/asphalt-beton.com\/de\/wp-json\/wp\/v2\/users\/1"}],"replies":[{"embeddable":true,"href":"http:\/\/asphalt-beton.com\/de\/wp-json\/wp\/v2\/comments?post=1931"}],"version-history":[{"count":3,"href":"http:\/\/asphalt-beton.com\/de\/wp-json\/wp\/v2\/pages\/1931\/revisions"}],"predecessor-version":[{"id":3216,"href":"http:\/\/asphalt-beton.com\/de\/wp-json\/wp\/v2\/pages\/1931\/revisions\/3216"}],"wp:featuredmedia":[{"embeddable":true,"href":"http:\/\/asphalt-beton.com\/de\/wp-json\/wp\/v2\/media\/3213"}],"wp:attachment":[{"href":"http:\/\/asphalt-beton.com\/de\/wp-json\/wp\/v2\/media?parent=1931"}],"curies":[{"name":"wp","href":"https:\/\/api.w.org\/{rel}","templated":true}]}}