{"id":1921,"date":"2020-08-17T12:14:52","date_gmt":"2020-08-17T09:14:52","guid":{"rendered":"http:\/\/asphalt-beton.com\/index\/"},"modified":"2022-09-22T13:31:32","modified_gmt":"2022-09-22T10:31:32","slug":"index","status":"publish","type":"page","link":"http:\/\/asphalt-beton.com\/de\/","title":{"rendered":"Heim"},"content":{"rendered":"<div class=\"wrap_mat gl\">\n<div class=\"wrap_mat_gl_header\">\n<div class=\"video\"><video autoplay=\"autoplay\" loop=\"loop\" muted=\"muted\" width=\"300\" height=\"150\"><source src=\"\/video\/intro.mp4\" type=\"video\/mp4\" \/><source src=\"\/video\/intro.webm\" type=\"video\/webm\" \/><\/video><\/div>\n<div class=\"wrap_mat_gl_header_rw_1\">Die beste Verbindung<\/div>\n<div class=\"wrap_mat_gl_header_rw_2\">Ingenieure und Entscheider weltweit wissen: Mit Fasern <br \/>\nund Additiven von HERMES CHEMISTRY wird Asphalt belastbarer, langlebiger und nachhaltiger.<\/div>\n<\/div>\n<div class=\"wrap_mat_gl_inner\">\n<div class=\"wrap_mat_gl_inner_produkt\">\n<div class=\"wrap_mat_gl_inner_produkt_item\">\n<p><a class=\"wrap_mat_gl_inner_produkt_item_img\" href=\"\/de\/beton\/\"><span class=\"wrap_mat_gl_inner_produkt_item_img_img_2\"><img loading=\"lazy\" class=\"alignnone size-full wp-image-1963\" src=\"http:\/\/asphalt-beton.com\/wp-content\/uploads\/2.jpg\" alt=\"Heim\" width=\"558\" height=\"380\" \/><\/span><span class=\"wrap_mat_gl_inner_produkt_item_img_zag\">Beton<\/span><\/a><\/p>\n<div class=\"wrap_mat_gl_inner_produkt_item_zag\">Zusatzmittel f\u00fcr zuverl\u00e4ssigen Beton<\/div>\n<div class=\"wrap_mat_gl_inner_produkt_item_text\">Hermes Chemistry produziert und vertreibt innovative Betonzusatzmittel h\u00f6chster Qualit\u00e4t. Die Betonzusatzmittel der Hermes Chemistry sorgen f\u00fcr Gestaltungsfreiheit sowie Dauerhaftigkeit und sind das Ergebnis jahrzehntelanger Erfahrung in der Betontechnologie. Durch bew\u00e4hrte Produkte, aber auch mittels individueller Produktentwicklungen sorgen wir daf\u00fcr, dass Sie den stetig wachsenden Anforderungen an Beton und Zement gerecht werden \u2013 F\u00fcr zuverl\u00e4ssigen Beton.<\/div>\n<div class=\"wrap_mat_gl_inner_produkt_item_ssilka\"><a href=\"\/de\/technische-informationen\/\">Technische Informationen<\/a><\/div>\n<\/div>\n<div class=\"wrap_mat_gl_inner_produkt_item\"><a class=\"wrap_mat_gl_inner_produkt_item_img\" href=\"\/de\/asphalt\/\"><span class=\"wrap_mat_gl_inner_produkt_item_img_img_2\"><img loading=\"lazy\" class=\"alignnone size-full wp-image-1966\" src=\"http:\/\/asphalt-beton.com\/wp-content\/uploads\/3.jpg\" alt=\"Heim\" width=\"558\" height=\"380\" \/><\/span><br \/>\n<span class=\"wrap_mat_gl_inner_produkt_item_img_zag\">Asphalt<\/span><\/a><\/p>\n<div class=\"wrap_mat_gl_inner_produkt_item_zag\">Additive f\u00fcr hochqualitative Asphalt<\/div>\n<div class=\"wrap_mat_gl_inner_produkt_item_text\">Als ein internationaler Lieferant f\u00fcr Asphaltindustrie bieten wir Ihnen die Top-Produkte namhafter Chemiekonzerne. Wir sind der Experte f\u00fcr Asphalttechnologie und Ihr Partner f\u00fcr die Produktion und Wiederverwendung vom alten Asphalt. Mit unseren Additiven, Pigmenten, Polymeren, Bindemitteln und Farbstoffen stehen Ihnen zudem hochwertige L\u00f6sungen f\u00fcr die Herstellung hochqualitativen Asphalt.<\/div>\n<div class=\"wrap_mat_gl_inner_produkt_item_ssilka\"><a href=\"\/de\/technische-informationen\/\">Technische Informationen<\/a><\/div>\n<\/div>\n<\/div>\n<div class=\"wrap_mat_gl_inner_o_nas\">\n<div class=\"wrap_mat_gl_inner_o_nas_inner\">\n<div class=\"wrap_mat_gl_inner_o_nas_inner_left\">\n<div class=\"wrap_mat_gl_inner_o_nas_inner_left_zag\">\u00dcber uns<\/div>\n<div class=\"wrap_mat_gl_inner_o_nas_inner_left_text\">Durch bew\u00e4hrte Produkte, aber auch mittels individueller Produktentwicklungen sorgen wir daf\u00fcr, dass Sie den stetig wachsenden Anforderungen an Beton und Zement gerecht werden \u2013 F\u00fcr zuverl\u00e4ssigen Beton. Hermes Chemistry produziert und vertreibt innovative Betonzusatzmittel h\u00f6chster Qualit\u00e4t. Die Betonzusatzmittel der Hermes Chemistry sorgen f\u00fcr Gestaltungsfreiheit sowie Dauerhaftigkeit und sind das Ergebnis jahrzehntelanger Erfahrung in der Betontechnologie.<\/div>\n<div class=\"wrap_mat_gl_inner_o_nas_inner_left_podrobnee\"><a href=\"\/de\/uber-uns\/\">Genauer<\/a><\/div>\n<\/div>\n<div class=\"wrap_mat_gl_inner_o_nas_inner_right\"><img loading=\"lazy\" class=\"alignnone size-full wp-image-1981\" src=\"http:\/\/asphalt-beton.com\/wp-content\/uploads\/4.jpg\" alt=\"Heim\" width=\"558\" height=\"460\" \/><\/div>\n<\/div>\n<\/div>\n<\/div>\n<\/div>\n","protected":false},"excerpt":{"rendered":"<p>Die beste Verbindung Ingenieure und Entscheider weltweit wissen: Mit Fasern und Additiven von HERMES CHEMISTRY wird Asphalt belastbarer, langlebiger und nachhaltiger. Beton Zusatzmittel f\u00fcr zuverl\u00e4ssigen Beton Hermes Chemistry produziert und vertreibt innovative Betonzusatzmittel h\u00f6chster Qualit\u00e4t. Die Betonzusatzmittel der Hermes Chemistry sorgen f\u00fcr Gestaltungsfreiheit sowie Dauerhaftigkeit und sind das Ergebnis jahrzehntelanger Erfahrung in der Betontechnologie. Durch [&hellip;]<\/p>\n","protected":false},"author":1,"featured_media":0,"parent":0,"menu_order":0,"comment_status":"open","ping_status":"open","template":"page-bez-wapki.php","meta":[],"yoast_head":"\n<title>Heim<\/title>\n<meta name=\"robots\" content=\"index, follow, max-snippet:-1, max-image-preview:large, max-video-preview:-1\" \/>\n<link rel=\"canonical\" href=\"http:\/\/asphalt-beton.com\/de\/index\/\" \/>\n<meta property=\"og:locale\" content=\"de_DE\" \/>\n<meta property=\"og:type\" content=\"article\" \/>\n<meta property=\"og:title\" content=\"Heim\" \/>\n<meta property=\"og:description\" content=\"Die beste Verbindung Ingenieure und Entscheider weltweit wissen: Mit Fasern und Additiven von HERMES CHEMISTRY wird Asphalt belastbarer, langlebiger und nachhaltiger. Beton Zusatzmittel f\u00fcr zuverl\u00e4ssigen Beton Hermes Chemistry produziert und vertreibt innovative Betonzusatzmittel h\u00f6chster Qualit\u00e4t. Die Betonzusatzmittel der Hermes Chemistry sorgen f\u00fcr Gestaltungsfreiheit sowie Dauerhaftigkeit und sind das Ergebnis jahrzehntelanger Erfahrung in der Betontechnologie. Durch [&hellip;]\" \/>\n<meta property=\"og:url\" content=\"http:\/\/asphalt-beton.com\/de\/index\/\" \/>\n<meta property=\"og:site_name\" content=\"Hermes Chemistry\" \/>\n<meta property=\"article:modified_time\" content=\"2022-09-22T10:31:32+00:00\" \/>\n<meta property=\"og:image\" content=\"http:\/\/asphalt-beton.com\/wp-content\/uploads\/2.jpg\" \/>\n<meta name=\"twitter:card\" content=\"summary_large_image\" \/>\n<meta name=\"twitter:label1\" content=\"Gesch\u00e4tzte Lesezeit\" \/>\n\t<meta name=\"twitter:data1\" content=\"2\u00a0Minuten\" \/>\n<script type=\"application\/ld+json\" class=\"yoast-schema-graph\">{\"@context\":\"https:\/\/schema.org\",\"@graph\":[{\"@type\":[\"Person\",\"Organization\"],\"@id\":\"http:\/\/asphalt-beton.com\/ru\/#\/schema\/person\/23eadd1cd6d17e36a76637d2760d3675\",\"name\":\"\u0410\u0434\u043c\u0438\u043d\u0438\u0441\u0442\u0440\u0430\u0442\u043e\u0440\",\"image\":{\"@type\":\"ImageObject\",\"@id\":\"http:\/\/asphalt-beton.com\/ru\/#personlogo\",\"inLanguage\":\"de\",\"url\":\"http:\/\/2.gravatar.com\/avatar\/217b36abf187631134d10afb569e3a35?s=96&d=identicon&r=g\",\"contentUrl\":\"http:\/\/2.gravatar.com\/avatar\/217b36abf187631134d10afb569e3a35?s=96&d=identicon&r=g\",\"caption\":\"\u0410\u0434\u043c\u0438\u043d\u0438\u0441\u0442\u0440\u0430\u0442\u043e\u0440\"},\"logo\":{\"@id\":\"http:\/\/asphalt-beton.com\/ru\/#personlogo\"},\"sameAs\":[\"http:\/\/asphalt-beton.com\"]},{\"@type\":\"WebSite\",\"@id\":\"http:\/\/asphalt-beton.com\/ru\/#website\",\"url\":\"http:\/\/asphalt-beton.com\/ru\/\",\"name\":\"Hermes Chemistry\",\"description\":\"\u0415\u0449\u0451 \u043e\u0434\u0438\u043d \u0441\u0430\u0439\u0442 \u043d\u0430 WordPress\",\"publisher\":{\"@id\":\"http:\/\/asphalt-beton.com\/ru\/#\/schema\/person\/23eadd1cd6d17e36a76637d2760d3675\"},\"potentialAction\":[{\"@type\":\"SearchAction\",\"target\":{\"@type\":\"EntryPoint\",\"urlTemplate\":\"http:\/\/asphalt-beton.com\/ru\/?s={search_term_string}\"},\"query-input\":\"required name=search_term_string\"}],\"inLanguage\":\"de\"},{\"@type\":\"ImageObject\",\"@id\":\"http:\/\/asphalt-beton.com\/de\/index\/#primaryimage\",\"inLanguage\":\"de\",\"url\":\"http:\/\/asphalt-beton.com\/wp-content\/uploads\/2.jpg\",\"contentUrl\":\"http:\/\/asphalt-beton.com\/wp-content\/uploads\/2.jpg\",\"width\":558,\"height\":380},{\"@type\":\"WebPage\",\"@id\":\"http:\/\/asphalt-beton.com\/de\/index\/#webpage\",\"url\":\"http:\/\/asphalt-beton.com\/de\/index\/\",\"name\":\"Heim\",\"isPartOf\":{\"@id\":\"http:\/\/asphalt-beton.com\/ru\/#website\"},\"primaryImageOfPage\":{\"@id\":\"http:\/\/asphalt-beton.com\/de\/index\/#primaryimage\"},\"datePublished\":\"2020-08-17T09:14:52+00:00\",\"dateModified\":\"2022-09-22T10:31:32+00:00\",\"breadcrumb\":{\"@id\":\"http:\/\/asphalt-beton.com\/de\/index\/#breadcrumb\"},\"inLanguage\":\"de\",\"potentialAction\":[{\"@type\":\"ReadAction\",\"target\":[\"http:\/\/asphalt-beton.com\/de\/index\/\"]}]},{\"@type\":\"BreadcrumbList\",\"@id\":\"http:\/\/asphalt-beton.com\/de\/index\/#breadcrumb\",\"itemListElement\":[{\"@type\":\"ListItem\",\"position\":1,\"name\":\"Zuhause\",\"item\":\"http:\/\/asphalt-beton.com\/de\/index\/\"},{\"@type\":\"ListItem\",\"position\":2,\"name\":\"Heim\"}]}]}<\/script>\n","yoast_head_json":{"title":"Heim","robots":{"index":"index","follow":"follow","max-snippet":"max-snippet:-1","max-image-preview":"max-image-preview:large","max-video-preview":"max-video-preview:-1"},"canonical":"http:\/\/asphalt-beton.com\/de\/index\/","og_locale":"de_DE","og_type":"article","og_title":"Heim","og_description":"Die beste Verbindung Ingenieure und Entscheider weltweit wissen: Mit Fasern und Additiven von HERMES CHEMISTRY wird Asphalt belastbarer, langlebiger und nachhaltiger. Beton Zusatzmittel f\u00fcr zuverl\u00e4ssigen Beton Hermes Chemistry produziert und vertreibt innovative Betonzusatzmittel h\u00f6chster Qualit\u00e4t. Die Betonzusatzmittel der Hermes Chemistry sorgen f\u00fcr Gestaltungsfreiheit sowie Dauerhaftigkeit und sind das Ergebnis jahrzehntelanger Erfahrung in der Betontechnologie. Durch [&hellip;]","og_url":"http:\/\/asphalt-beton.com\/de\/index\/","og_site_name":"Hermes Chemistry","article_modified_time":"2022-09-22T10:31:32+00:00","og_image":[{"url":"http:\/\/asphalt-beton.com\/wp-content\/uploads\/2.jpg"}],"twitter_card":"summary_large_image","twitter_misc":{"Gesch\u00e4tzte Lesezeit":"2\u00a0Minuten"},"schema":{"@context":"https:\/\/schema.org","@graph":[{"@type":["Person","Organization"],"@id":"http:\/\/asphalt-beton.com\/ru\/#\/schema\/person\/23eadd1cd6d17e36a76637d2760d3675","name":"\u0410\u0434\u043c\u0438\u043d\u0438\u0441\u0442\u0440\u0430\u0442\u043e\u0440","image":{"@type":"ImageObject","@id":"http:\/\/asphalt-beton.com\/ru\/#personlogo","inLanguage":"de","url":"http:\/\/2.gravatar.com\/avatar\/217b36abf187631134d10afb569e3a35?s=96&d=identicon&r=g","contentUrl":"http:\/\/2.gravatar.com\/avatar\/217b36abf187631134d10afb569e3a35?s=96&d=identicon&r=g","caption":"\u0410\u0434\u043c\u0438\u043d\u0438\u0441\u0442\u0440\u0430\u0442\u043e\u0440"},"logo":{"@id":"http:\/\/asphalt-beton.com\/ru\/#personlogo"},"sameAs":["http:\/\/asphalt-beton.com"]},{"@type":"WebSite","@id":"http:\/\/asphalt-beton.com\/ru\/#website","url":"http:\/\/asphalt-beton.com\/ru\/","name":"Hermes Chemistry","description":"\u0415\u0449\u0451 \u043e\u0434\u0438\u043d \u0441\u0430\u0439\u0442 \u043d\u0430 WordPress","publisher":{"@id":"http:\/\/asphalt-beton.com\/ru\/#\/schema\/person\/23eadd1cd6d17e36a76637d2760d3675"},"potentialAction":[{"@type":"SearchAction","target":{"@type":"EntryPoint","urlTemplate":"http:\/\/asphalt-beton.com\/ru\/?s={search_term_string}"},"query-input":"required name=search_term_string"}],"inLanguage":"de"},{"@type":"ImageObject","@id":"http:\/\/asphalt-beton.com\/de\/index\/#primaryimage","inLanguage":"de","url":"http:\/\/asphalt-beton.com\/wp-content\/uploads\/2.jpg","contentUrl":"http:\/\/asphalt-beton.com\/wp-content\/uploads\/2.jpg","width":558,"height":380},{"@type":"WebPage","@id":"http:\/\/asphalt-beton.com\/de\/index\/#webpage","url":"http:\/\/asphalt-beton.com\/de\/index\/","name":"Heim","isPartOf":{"@id":"http:\/\/asphalt-beton.com\/ru\/#website"},"primaryImageOfPage":{"@id":"http:\/\/asphalt-beton.com\/de\/index\/#primaryimage"},"datePublished":"2020-08-17T09:14:52+00:00","dateModified":"2022-09-22T10:31:32+00:00","breadcrumb":{"@id":"http:\/\/asphalt-beton.com\/de\/index\/#breadcrumb"},"inLanguage":"de","potentialAction":[{"@type":"ReadAction","target":["http:\/\/asphalt-beton.com\/de\/index\/"]}]},{"@type":"BreadcrumbList","@id":"http:\/\/asphalt-beton.com\/de\/index\/#breadcrumb","itemListElement":[{"@type":"ListItem","position":1,"name":"Zuhause","item":"http:\/\/asphalt-beton.com\/de\/index\/"},{"@type":"ListItem","position":2,"name":"Heim"}]}]}},"_links":{"self":[{"href":"http:\/\/asphalt-beton.com\/de\/wp-json\/wp\/v2\/pages\/1921"}],"collection":[{"href":"http:\/\/asphalt-beton.com\/de\/wp-json\/wp\/v2\/pages"}],"about":[{"href":"http:\/\/asphalt-beton.com\/de\/wp-json\/wp\/v2\/types\/page"}],"author":[{"embeddable":true,"href":"http:\/\/asphalt-beton.com\/de\/wp-json\/wp\/v2\/users\/1"}],"replies":[{"embeddable":true,"href":"http:\/\/asphalt-beton.com\/de\/wp-json\/wp\/v2\/comments?post=1921"}],"version-history":[{"count":13,"href":"http:\/\/asphalt-beton.com\/de\/wp-json\/wp\/v2\/pages\/1921\/revisions"}],"predecessor-version":[{"id":3238,"href":"http:\/\/asphalt-beton.com\/de\/wp-json\/wp\/v2\/pages\/1921\/revisions\/3238"}],"wp:attachment":[{"href":"http:\/\/asphalt-beton.com\/de\/wp-json\/wp\/v2\/media?parent=1921"}],"curies":[{"name":"wp","href":"https:\/\/api.w.org\/{rel}","templated":true}]}}