{"id":1913,"date":"2022-02-10T15:07:58","date_gmt":"2022-02-10T12:07:58","guid":{"rendered":"http:\/\/asphalt-beton.com\/o-nas\/"},"modified":"2022-09-10T18:23:47","modified_gmt":"2022-09-10T15:23:47","slug":"uber-uns","status":"publish","type":"page","link":"http:\/\/asphalt-beton.com\/de\/uber-uns\/","title":{"rendered":"\u00dcber uns"},"content":{"rendered":"<div class=\"o_nas\">\n<div class=\"o_nas_row_1\">\n<div class=\"o_nas_row_1_left\">\n<div class=\"o_nas_row_1_left_zag\">\u00dcber uns<\/div>\n<div class=\"o_nas_row_1_left_text_1\">Wer wir sind und wof\u00fcr wir stehen<\/div>\n<div class=\"o_nas_row_1_left_zag_2\">Wer wir sind<\/div>\n<div class=\"o_nas_row_1_left_text_2\">Dr. Stefan Deilhof ist der Gr\u00fcnder und Gesch\u00e4ftsf\u00fchrer der Hermes Chemistry GmbH. Wir sind Technologen, Ingenieure, Designer, Entwickler und Kaufleute, die eine gemeinsame Vision vom verantwortungsvollen Umgang mit unseren nat\u00fcrlichen Ressourcen haben.<\/div>\n<div class=\"o_nas_row_1_left_zag_2 ot_1\">Wof\u00fcr wir stehen<\/div>\n<div class=\"o_nas_row_1_left_text_2\">Wir stellen hochwertige Produkte mit zus\u00e4tzlicher Funktionalit\u00e4t haupts\u00e4chlich aus recycelten Rohstoffen her. Diese neuen Produkte helfen, Energie zu sparen, Stra\u00dfen langlebiger und leiser zu machen, L\u00e4rm zu reduzieren und Investitionen zu optimieren.<\/div>\n<\/div>\n<div class=\"o_nas_row_1_right\">\n<div class=\"o_nas_row_1_right_img\"><img loading=\"lazy\" class=\"alignnone size-medium wp-image-3184\" src=\"http:\/\/asphalt-beton.com\/wp-content\/uploads\/19-1.jpg\" alt=\"\u00dcber uns\" width=\"300\" height=\"300\" srcset=\"http:\/\/asphalt-beton.com\/wp-content\/uploads\/19-1.jpg 365w, http:\/\/asphalt-beton.com\/wp-content\/uploads\/19-1-150x150.jpg 150w, http:\/\/asphalt-beton.com\/wp-content\/uploads\/19-1-300x300.jpg 300w\" sizes=\"(max-width: 300px) 100vw, 300px\" \/><\/div>\n<div class=\"o_nas_row_1_right_text\">\u00a0<\/div>\n<\/div>\n<\/div>\n<div class=\"o_nas_row_2\">\n<div class=\"wrap_mat_gl_inner_produkt\">\n<div class=\"wrap_mat_gl_inner_produkt_item\">\n<p><a class=\"wrap_mat_gl_inner_produkt_item_img\" href=\"\/de\/beton\/\"><span class=\"wrap_mat_gl_inner_produkt_item_img_img_2\"><img loading=\"lazy\" class=\"alignnone size-full wp-image-1963\" src=\"http:\/\/asphalt-beton.com\/wp-content\/uploads\/2.jpg\" alt=\"Heim\" width=\"558\" height=\"380\" \/><\/span><span class=\"wrap_mat_gl_inner_produkt_item_img_zag\">Beton<\/span><\/a><\/p>\n<\/div>\n<div class=\"wrap_mat_gl_inner_produkt_item\"><a class=\"wrap_mat_gl_inner_produkt_item_img\" href=\"\/de\/asphalt\/\"><span class=\"wrap_mat_gl_inner_produkt_item_img_img_2\"><img loading=\"lazy\" class=\"alignnone size-full wp-image-1966\" src=\"http:\/\/asphalt-beton.com\/wp-content\/uploads\/3.jpg\" alt=\"Heim\" width=\"558\" height=\"380\" \/><\/span><br \/>\n<span class=\"wrap_mat_gl_inner_produkt_item_img_zag\">Asphalt<\/span><\/a><\/div>\n<\/div>\n<\/div>\n<\/div>\n","protected":false},"excerpt":{"rendered":"<p>\u00dcber uns Wer wir sind und wof\u00fcr wir stehen Wer wir sind Dr. Stefan Deilhof ist der Gr\u00fcnder und Gesch\u00e4ftsf\u00fchrer der Hermes Chemistry GmbH. Wir sind Technologen, Ingenieure, Designer, Entwickler und Kaufleute, die eine gemeinsame Vision vom verantwortungsvollen Umgang mit unseren nat\u00fcrlichen Ressourcen haben. Wof\u00fcr wir stehen Wir stellen hochwertige Produkte mit zus\u00e4tzlicher Funktionalit\u00e4t haupts\u00e4chlich [&hellip;]<\/p>\n","protected":false},"author":1,"featured_media":2117,"parent":0,"menu_order":0,"comment_status":"closed","ping_status":"closed","template":"","meta":[],"yoast_head":"\n<title>\u00dcber uns<\/title>\n<meta name=\"robots\" content=\"index, follow, max-snippet:-1, max-image-preview:large, max-video-preview:-1\" \/>\n<link rel=\"canonical\" href=\"http:\/\/asphalt-beton.com\/de\/uber-uns\/\" \/>\n<meta property=\"og:locale\" content=\"de_DE\" \/>\n<meta property=\"og:type\" content=\"article\" \/>\n<meta property=\"og:title\" content=\"\u00dcber uns\" \/>\n<meta property=\"og:description\" content=\"\u00dcber uns Wer wir sind und wof\u00fcr wir stehen Wer wir sind Dr. Stefan Deilhof ist der Gr\u00fcnder und Gesch\u00e4ftsf\u00fchrer der Hermes Chemistry GmbH. Wir sind Technologen, Ingenieure, Designer, Entwickler und Kaufleute, die eine gemeinsame Vision vom verantwortungsvollen Umgang mit unseren nat\u00fcrlichen Ressourcen haben. Wof\u00fcr wir stehen Wir stellen hochwertige Produkte mit zus\u00e4tzlicher Funktionalit\u00e4t haupts\u00e4chlich [&hellip;]\" \/>\n<meta property=\"og:url\" content=\"http:\/\/asphalt-beton.com\/de\/uber-uns\/\" \/>\n<meta property=\"og:site_name\" content=\"Hermes Chemistry\" \/>\n<meta property=\"article:modified_time\" content=\"2022-09-10T15:23:47+00:00\" \/>\n<meta property=\"og:image\" content=\"http:\/\/asphalt-beton.com\/wp-content\/uploads\/20.jpg\" \/>\n\t<meta property=\"og:image:width\" content=\"1920\" \/>\n\t<meta property=\"og:image:height\" content=\"250\" \/>\n\t<meta property=\"og:image:type\" content=\"image\/jpeg\" \/>\n<meta name=\"twitter:card\" content=\"summary_large_image\" \/>\n<meta name=\"twitter:label1\" content=\"Gesch\u00e4tzte Lesezeit\" \/>\n\t<meta name=\"twitter:data1\" content=\"2\u00a0Minuten\" \/>\n<script type=\"application\/ld+json\" class=\"yoast-schema-graph\">{\"@context\":\"https:\/\/schema.org\",\"@graph\":[{\"@type\":[\"Person\",\"Organization\"],\"@id\":\"http:\/\/asphalt-beton.com\/ru\/#\/schema\/person\/23eadd1cd6d17e36a76637d2760d3675\",\"name\":\"\u0410\u0434\u043c\u0438\u043d\u0438\u0441\u0442\u0440\u0430\u0442\u043e\u0440\",\"image\":{\"@type\":\"ImageObject\",\"@id\":\"http:\/\/asphalt-beton.com\/ru\/#personlogo\",\"inLanguage\":\"de\",\"url\":\"http:\/\/2.gravatar.com\/avatar\/217b36abf187631134d10afb569e3a35?s=96&d=identicon&r=g\",\"contentUrl\":\"http:\/\/2.gravatar.com\/avatar\/217b36abf187631134d10afb569e3a35?s=96&d=identicon&r=g\",\"caption\":\"\u0410\u0434\u043c\u0438\u043d\u0438\u0441\u0442\u0440\u0430\u0442\u043e\u0440\"},\"logo\":{\"@id\":\"http:\/\/asphalt-beton.com\/ru\/#personlogo\"},\"sameAs\":[\"http:\/\/asphalt-beton.com\"]},{\"@type\":\"WebSite\",\"@id\":\"http:\/\/asphalt-beton.com\/ru\/#website\",\"url\":\"http:\/\/asphalt-beton.com\/ru\/\",\"name\":\"Hermes Chemistry\",\"description\":\"\u0415\u0449\u0451 \u043e\u0434\u0438\u043d \u0441\u0430\u0439\u0442 \u043d\u0430 WordPress\",\"publisher\":{\"@id\":\"http:\/\/asphalt-beton.com\/ru\/#\/schema\/person\/23eadd1cd6d17e36a76637d2760d3675\"},\"potentialAction\":[{\"@type\":\"SearchAction\",\"target\":{\"@type\":\"EntryPoint\",\"urlTemplate\":\"http:\/\/asphalt-beton.com\/ru\/?s={search_term_string}\"},\"query-input\":\"required name=search_term_string\"}],\"inLanguage\":\"de\"},{\"@type\":\"ImageObject\",\"@id\":\"http:\/\/asphalt-beton.com\/de\/uber-uns\/#primaryimage\",\"inLanguage\":\"de\",\"url\":\"http:\/\/asphalt-beton.com\/wp-content\/uploads\/20.jpg\",\"contentUrl\":\"http:\/\/asphalt-beton.com\/wp-content\/uploads\/20.jpg\",\"width\":1920,\"height\":250},{\"@type\":\"WebPage\",\"@id\":\"http:\/\/asphalt-beton.com\/de\/uber-uns\/#webpage\",\"url\":\"http:\/\/asphalt-beton.com\/de\/uber-uns\/\",\"name\":\"\u00dcber uns\",\"isPartOf\":{\"@id\":\"http:\/\/asphalt-beton.com\/ru\/#website\"},\"primaryImageOfPage\":{\"@id\":\"http:\/\/asphalt-beton.com\/de\/uber-uns\/#primaryimage\"},\"datePublished\":\"2022-02-10T12:07:58+00:00\",\"dateModified\":\"2022-09-10T15:23:47+00:00\",\"breadcrumb\":{\"@id\":\"http:\/\/asphalt-beton.com\/de\/uber-uns\/#breadcrumb\"},\"inLanguage\":\"de\",\"potentialAction\":[{\"@type\":\"ReadAction\",\"target\":[\"http:\/\/asphalt-beton.com\/de\/uber-uns\/\"]}]},{\"@type\":\"BreadcrumbList\",\"@id\":\"http:\/\/asphalt-beton.com\/de\/uber-uns\/#breadcrumb\",\"itemListElement\":[{\"@type\":\"ListItem\",\"position\":1,\"name\":\"Zuhause\",\"item\":\"http:\/\/asphalt-beton.com\/de\/index\/\"},{\"@type\":\"ListItem\",\"position\":2,\"name\":\"\u00dcber uns\"}]}]}<\/script>\n","yoast_head_json":{"title":"\u00dcber uns","robots":{"index":"index","follow":"follow","max-snippet":"max-snippet:-1","max-image-preview":"max-image-preview:large","max-video-preview":"max-video-preview:-1"},"canonical":"http:\/\/asphalt-beton.com\/de\/uber-uns\/","og_locale":"de_DE","og_type":"article","og_title":"\u00dcber uns","og_description":"\u00dcber uns Wer wir sind und wof\u00fcr wir stehen Wer wir sind Dr. Stefan Deilhof ist der Gr\u00fcnder und Gesch\u00e4ftsf\u00fchrer der Hermes Chemistry GmbH. Wir sind Technologen, Ingenieure, Designer, Entwickler und Kaufleute, die eine gemeinsame Vision vom verantwortungsvollen Umgang mit unseren nat\u00fcrlichen Ressourcen haben. Wof\u00fcr wir stehen Wir stellen hochwertige Produkte mit zus\u00e4tzlicher Funktionalit\u00e4t haupts\u00e4chlich [&hellip;]","og_url":"http:\/\/asphalt-beton.com\/de\/uber-uns\/","og_site_name":"Hermes Chemistry","article_modified_time":"2022-09-10T15:23:47+00:00","og_image":[{"width":1920,"height":250,"url":"http:\/\/asphalt-beton.com\/wp-content\/uploads\/20.jpg","type":"image\/jpeg"}],"twitter_card":"summary_large_image","twitter_misc":{"Gesch\u00e4tzte Lesezeit":"2\u00a0Minuten"},"schema":{"@context":"https:\/\/schema.org","@graph":[{"@type":["Person","Organization"],"@id":"http:\/\/asphalt-beton.com\/ru\/#\/schema\/person\/23eadd1cd6d17e36a76637d2760d3675","name":"\u0410\u0434\u043c\u0438\u043d\u0438\u0441\u0442\u0440\u0430\u0442\u043e\u0440","image":{"@type":"ImageObject","@id":"http:\/\/asphalt-beton.com\/ru\/#personlogo","inLanguage":"de","url":"http:\/\/2.gravatar.com\/avatar\/217b36abf187631134d10afb569e3a35?s=96&d=identicon&r=g","contentUrl":"http:\/\/2.gravatar.com\/avatar\/217b36abf187631134d10afb569e3a35?s=96&d=identicon&r=g","caption":"\u0410\u0434\u043c\u0438\u043d\u0438\u0441\u0442\u0440\u0430\u0442\u043e\u0440"},"logo":{"@id":"http:\/\/asphalt-beton.com\/ru\/#personlogo"},"sameAs":["http:\/\/asphalt-beton.com"]},{"@type":"WebSite","@id":"http:\/\/asphalt-beton.com\/ru\/#website","url":"http:\/\/asphalt-beton.com\/ru\/","name":"Hermes Chemistry","description":"\u0415\u0449\u0451 \u043e\u0434\u0438\u043d \u0441\u0430\u0439\u0442 \u043d\u0430 WordPress","publisher":{"@id":"http:\/\/asphalt-beton.com\/ru\/#\/schema\/person\/23eadd1cd6d17e36a76637d2760d3675"},"potentialAction":[{"@type":"SearchAction","target":{"@type":"EntryPoint","urlTemplate":"http:\/\/asphalt-beton.com\/ru\/?s={search_term_string}"},"query-input":"required name=search_term_string"}],"inLanguage":"de"},{"@type":"ImageObject","@id":"http:\/\/asphalt-beton.com\/de\/uber-uns\/#primaryimage","inLanguage":"de","url":"http:\/\/asphalt-beton.com\/wp-content\/uploads\/20.jpg","contentUrl":"http:\/\/asphalt-beton.com\/wp-content\/uploads\/20.jpg","width":1920,"height":250},{"@type":"WebPage","@id":"http:\/\/asphalt-beton.com\/de\/uber-uns\/#webpage","url":"http:\/\/asphalt-beton.com\/de\/uber-uns\/","name":"\u00dcber uns","isPartOf":{"@id":"http:\/\/asphalt-beton.com\/ru\/#website"},"primaryImageOfPage":{"@id":"http:\/\/asphalt-beton.com\/de\/uber-uns\/#primaryimage"},"datePublished":"2022-02-10T12:07:58+00:00","dateModified":"2022-09-10T15:23:47+00:00","breadcrumb":{"@id":"http:\/\/asphalt-beton.com\/de\/uber-uns\/#breadcrumb"},"inLanguage":"de","potentialAction":[{"@type":"ReadAction","target":["http:\/\/asphalt-beton.com\/de\/uber-uns\/"]}]},{"@type":"BreadcrumbList","@id":"http:\/\/asphalt-beton.com\/de\/uber-uns\/#breadcrumb","itemListElement":[{"@type":"ListItem","position":1,"name":"Zuhause","item":"http:\/\/asphalt-beton.com\/de\/index\/"},{"@type":"ListItem","position":2,"name":"\u00dcber uns"}]}]}},"_links":{"self":[{"href":"http:\/\/asphalt-beton.com\/de\/wp-json\/wp\/v2\/pages\/1913"}],"collection":[{"href":"http:\/\/asphalt-beton.com\/de\/wp-json\/wp\/v2\/pages"}],"about":[{"href":"http:\/\/asphalt-beton.com\/de\/wp-json\/wp\/v2\/types\/page"}],"author":[{"embeddable":true,"href":"http:\/\/asphalt-beton.com\/de\/wp-json\/wp\/v2\/users\/1"}],"replies":[{"embeddable":true,"href":"http:\/\/asphalt-beton.com\/de\/wp-json\/wp\/v2\/comments?post=1913"}],"version-history":[{"count":11,"href":"http:\/\/asphalt-beton.com\/de\/wp-json\/wp\/v2\/pages\/1913\/revisions"}],"predecessor-version":[{"id":3223,"href":"http:\/\/asphalt-beton.com\/de\/wp-json\/wp\/v2\/pages\/1913\/revisions\/3223"}],"wp:featuredmedia":[{"embeddable":true,"href":"http:\/\/asphalt-beton.com\/de\/wp-json\/wp\/v2\/media\/2117"}],"wp:attachment":[{"href":"http:\/\/asphalt-beton.com\/de\/wp-json\/wp\/v2\/media?parent=1913"}],"curies":[{"name":"wp","href":"https:\/\/api.w.org\/{rel}","templated":true}]}}