{"id":1909,"date":"2022-02-10T15:10:12","date_gmt":"2022-02-10T12:10:12","guid":{"rendered":"http:\/\/asphalt-beton.com\/zashhita-dannyh\/"},"modified":"2022-09-10T09:45:13","modified_gmt":"2022-09-10T06:45:13","slug":"impressum","status":"publish","type":"page","link":"http:\/\/asphalt-beton.com\/de\/impressum\/","title":{"rendered":"Impressum"},"content":{"rendered":"<p>Hermes Capital GmbH<\/p>\n<p><strong>Hofackerzeile 10<br \/>\n13627 Berlin<br \/>\nTel.\u00a0 + 49 33762 8088 &#8211; 70<br \/>\nFax\u00a0 + 49 33762 2231 &#8211; 29<br \/>\nE-Mail: kundenservice@destco.info<br \/>\nInternet: www.destco.info<\/strong><\/p>\n<p>&nbsp;<\/p>\n<p><strong>Gesch\u00e4ftf\u00fchrung:<\/strong>\u00a0Dr. Stefan Deilhof<br \/>\nAG Berlin Charlottenburg, HRB 214335 B, Sitz Berlin<br \/>\nUST-ID Nr. DE334673171<\/p>\n<p>\n<strong>Content Manager:<\/strong><br \/>\nShiraslan Yusubov, Digital Marketing, Hermes Capital GmbH<br \/>\nAnregungen oder Fragen zur Website senden Sie bitte an: kundenservice@destco.info<\/p>\n<p>&nbsp;<\/p>\n<p>\u00a9 Hermes Capital GmbH, Berlin. Alle Rechte vorbehalten.<\/p>\n<p>&nbsp;<\/p>\n<p><strong>Rechtliche Hinweise<\/strong><\/p>\n<p>Die Hermes Capital GmbH pr\u00fcft und aktualisiert die Informationen auf ihren Webseiten st\u00e4ndig. Trotz aller Sorgfalt k\u00f6nnen sich die Daten inzwischen ver\u00e4ndert haben. Eine Haftung oder Garantie f\u00fcr die Aktualit\u00e4t, Richtigkeit und Vollst\u00e4ndigkeit der zur Verf\u00fcgung gestellten Informationen kann daher nicht \u00fcbernommen werden. Die gesetzliche Haftung f\u00fcr Vorsatz und\/oder grobe Fahrl\u00e4ssigkeit bleibt unber\u00fchrt. Gleiches gilt auch f\u00fcr alle anderen Webseiten, auf die mittels Hyperlinks verwiesen wird. Die Hermes Capital GmbH ist f\u00fcr den Inhalt und die Richtigkeit der Webseiten, die aufgrund einer solchen Verbindung erreicht werden, nicht verantwortlich. Vor jeder Verwendung von auf diesen Webseiten aufgef\u00fchrten Baustoffen ist eine \u00dcberpr\u00fcfung hinsichtlich der rechtlichen und technischen Bestimmungen, die f\u00fcr diese Baustoffe zum Zeitpunkt ihrer Verwendung am Verwendungsort gelten und in statischer Hinsicht durch den Planer n\u00f6tig. F\u00fcr Sch\u00e4den, die aus der Nutzung dieser Webseiten resultieren wird keine Haftung \u00fcbernommen. Hermes Capital GmbH macht sich die Inhalte dieser Webseiten nicht zu eigen, selbst wenn die Links durch Hermes Capital GmbH gesetzt wurden.<\/p>\n<p>Des Weiteren beh\u00e4lt sich die Hermes Capital GmbH das Recht vor, \u00c4nderungen oder Erg\u00e4nzungen der bereitgestellten Informationen vorzunehmen.<\/p>\n<p>Inhalt und Struktur der HC -Webseiten sind urheberrechtlich gesch\u00fctzt. Die Vervielf\u00e4ltigung von Informationen oder Daten, insbesondere die Verwendung von Texten, Textteilen oder Bildmaterial, bedarf der vorherigen Zustimmung der Hermes Capital GmbH.<\/p>\n<p>&nbsp;<\/p>\n","protected":false},"excerpt":{"rendered":"<p>Hermes Capital GmbH Hofackerzeile 10 13627 Berlin Tel.\u00a0 + 49 33762 8088 &#8211; 70 Fax\u00a0 + 49 33762 2231 &#8211; 29 E-Mail: kundenservice@destco.info Internet: www.destco.info &nbsp; Gesch\u00e4ftf\u00fchrung:\u00a0Dr. Stefan Deilhof AG Berlin Charlottenburg, HRB 214335 B, Sitz Berlin UST-ID Nr. DE334673171 Content Manager: Shiraslan Yusubov, Digital Marketing, Hermes Capital GmbH Anregungen oder Fragen zur Website senden [&hellip;]<\/p>\n","protected":false},"author":1,"featured_media":3203,"parent":0,"menu_order":0,"comment_status":"closed","ping_status":"closed","template":"","meta":[],"yoast_head":"\n<title>Impressum<\/title>\n<meta name=\"robots\" content=\"index, follow, max-snippet:-1, max-image-preview:large, max-video-preview:-1\" \/>\n<link rel=\"canonical\" href=\"http:\/\/asphalt-beton.com\/de\/impressum\/\" \/>\n<meta property=\"og:locale\" content=\"de_DE\" \/>\n<meta property=\"og:type\" content=\"article\" \/>\n<meta property=\"og:title\" content=\"Impressum\" \/>\n<meta property=\"og:description\" content=\"Hermes Capital GmbH Hofackerzeile 10 13627 Berlin Tel.\u00a0 + 49 33762 8088 &#8211; 70 Fax\u00a0 + 49 33762 2231 &#8211; 29 E-Mail: kundenservice@destco.info Internet: www.destco.info &nbsp; Gesch\u00e4ftf\u00fchrung:\u00a0Dr. Stefan Deilhof AG Berlin Charlottenburg, HRB 214335 B, Sitz Berlin UST-ID Nr. DE334673171 Content Manager: Shiraslan Yusubov, Digital Marketing, Hermes Capital GmbH Anregungen oder Fragen zur Website senden [&hellip;]\" \/>\n<meta property=\"og:url\" content=\"http:\/\/asphalt-beton.com\/de\/impressum\/\" \/>\n<meta property=\"og:site_name\" content=\"Hermes Chemistry\" \/>\n<meta property=\"article:modified_time\" content=\"2022-09-10T06:45:13+00:00\" \/>\n<meta property=\"og:image\" content=\"http:\/\/asphalt-beton.com\/wp-content\/uploads\/chistyj-oborotnyj-kapital-predpriyatiya-kak-rasschitat-1.jpg\" \/>\n\t<meta property=\"og:image:width\" content=\"1920\" \/>\n\t<meta property=\"og:image:height\" content=\"247\" \/>\n\t<meta property=\"og:image:type\" content=\"image\/jpeg\" \/>\n<meta name=\"twitter:card\" content=\"summary_large_image\" \/>\n<meta name=\"twitter:label1\" content=\"Gesch\u00e4tzte Lesezeit\" \/>\n\t<meta name=\"twitter:data1\" content=\"2\u00a0Minuten\" \/>\n<script type=\"application\/ld+json\" class=\"yoast-schema-graph\">{\"@context\":\"https:\/\/schema.org\",\"@graph\":[{\"@type\":[\"Person\",\"Organization\"],\"@id\":\"http:\/\/asphalt-beton.com\/ru\/#\/schema\/person\/23eadd1cd6d17e36a76637d2760d3675\",\"name\":\"\u0410\u0434\u043c\u0438\u043d\u0438\u0441\u0442\u0440\u0430\u0442\u043e\u0440\",\"image\":{\"@type\":\"ImageObject\",\"@id\":\"http:\/\/asphalt-beton.com\/ru\/#personlogo\",\"inLanguage\":\"de\",\"url\":\"http:\/\/2.gravatar.com\/avatar\/217b36abf187631134d10afb569e3a35?s=96&d=identicon&r=g\",\"contentUrl\":\"http:\/\/2.gravatar.com\/avatar\/217b36abf187631134d10afb569e3a35?s=96&d=identicon&r=g\",\"caption\":\"\u0410\u0434\u043c\u0438\u043d\u0438\u0441\u0442\u0440\u0430\u0442\u043e\u0440\"},\"logo\":{\"@id\":\"http:\/\/asphalt-beton.com\/ru\/#personlogo\"},\"sameAs\":[\"http:\/\/asphalt-beton.com\"]},{\"@type\":\"WebSite\",\"@id\":\"http:\/\/asphalt-beton.com\/ru\/#website\",\"url\":\"http:\/\/asphalt-beton.com\/ru\/\",\"name\":\"Hermes Chemistry\",\"description\":\"\u0415\u0449\u0451 \u043e\u0434\u0438\u043d \u0441\u0430\u0439\u0442 \u043d\u0430 WordPress\",\"publisher\":{\"@id\":\"http:\/\/asphalt-beton.com\/ru\/#\/schema\/person\/23eadd1cd6d17e36a76637d2760d3675\"},\"potentialAction\":[{\"@type\":\"SearchAction\",\"target\":{\"@type\":\"EntryPoint\",\"urlTemplate\":\"http:\/\/asphalt-beton.com\/ru\/?s={search_term_string}\"},\"query-input\":\"required name=search_term_string\"}],\"inLanguage\":\"de\"},{\"@type\":\"ImageObject\",\"@id\":\"http:\/\/asphalt-beton.com\/de\/impressum\/#primaryimage\",\"inLanguage\":\"de\",\"url\":\"http:\/\/asphalt-beton.com\/wp-content\/uploads\/chistyj-oborotnyj-kapital-predpriyatiya-kak-rasschitat-1.jpg\",\"contentUrl\":\"http:\/\/asphalt-beton.com\/wp-content\/uploads\/chistyj-oborotnyj-kapital-predpriyatiya-kak-rasschitat-1.jpg\",\"width\":1920,\"height\":247},{\"@type\":\"WebPage\",\"@id\":\"http:\/\/asphalt-beton.com\/de\/impressum\/#webpage\",\"url\":\"http:\/\/asphalt-beton.com\/de\/impressum\/\",\"name\":\"Impressum\",\"isPartOf\":{\"@id\":\"http:\/\/asphalt-beton.com\/ru\/#website\"},\"primaryImageOfPage\":{\"@id\":\"http:\/\/asphalt-beton.com\/de\/impressum\/#primaryimage\"},\"datePublished\":\"2022-02-10T12:10:12+00:00\",\"dateModified\":\"2022-09-10T06:45:13+00:00\",\"breadcrumb\":{\"@id\":\"http:\/\/asphalt-beton.com\/de\/impressum\/#breadcrumb\"},\"inLanguage\":\"de\",\"potentialAction\":[{\"@type\":\"ReadAction\",\"target\":[\"http:\/\/asphalt-beton.com\/de\/impressum\/\"]}]},{\"@type\":\"BreadcrumbList\",\"@id\":\"http:\/\/asphalt-beton.com\/de\/impressum\/#breadcrumb\",\"itemListElement\":[{\"@type\":\"ListItem\",\"position\":1,\"name\":\"Zuhause\",\"item\":\"http:\/\/asphalt-beton.com\/de\/index\/\"},{\"@type\":\"ListItem\",\"position\":2,\"name\":\"Impressum\"}]}]}<\/script>\n","yoast_head_json":{"title":"Impressum","robots":{"index":"index","follow":"follow","max-snippet":"max-snippet:-1","max-image-preview":"max-image-preview:large","max-video-preview":"max-video-preview:-1"},"canonical":"http:\/\/asphalt-beton.com\/de\/impressum\/","og_locale":"de_DE","og_type":"article","og_title":"Impressum","og_description":"Hermes Capital GmbH Hofackerzeile 10 13627 Berlin Tel.\u00a0 + 49 33762 8088 &#8211; 70 Fax\u00a0 + 49 33762 2231 &#8211; 29 E-Mail: kundenservice@destco.info Internet: www.destco.info &nbsp; Gesch\u00e4ftf\u00fchrung:\u00a0Dr. Stefan Deilhof AG Berlin Charlottenburg, HRB 214335 B, Sitz Berlin UST-ID Nr. DE334673171 Content Manager: Shiraslan Yusubov, Digital Marketing, Hermes Capital GmbH Anregungen oder Fragen zur Website senden [&hellip;]","og_url":"http:\/\/asphalt-beton.com\/de\/impressum\/","og_site_name":"Hermes Chemistry","article_modified_time":"2022-09-10T06:45:13+00:00","og_image":[{"width":1920,"height":247,"url":"http:\/\/asphalt-beton.com\/wp-content\/uploads\/chistyj-oborotnyj-kapital-predpriyatiya-kak-rasschitat-1.jpg","type":"image\/jpeg"}],"twitter_card":"summary_large_image","twitter_misc":{"Gesch\u00e4tzte Lesezeit":"2\u00a0Minuten"},"schema":{"@context":"https:\/\/schema.org","@graph":[{"@type":["Person","Organization"],"@id":"http:\/\/asphalt-beton.com\/ru\/#\/schema\/person\/23eadd1cd6d17e36a76637d2760d3675","name":"\u0410\u0434\u043c\u0438\u043d\u0438\u0441\u0442\u0440\u0430\u0442\u043e\u0440","image":{"@type":"ImageObject","@id":"http:\/\/asphalt-beton.com\/ru\/#personlogo","inLanguage":"de","url":"http:\/\/2.gravatar.com\/avatar\/217b36abf187631134d10afb569e3a35?s=96&d=identicon&r=g","contentUrl":"http:\/\/2.gravatar.com\/avatar\/217b36abf187631134d10afb569e3a35?s=96&d=identicon&r=g","caption":"\u0410\u0434\u043c\u0438\u043d\u0438\u0441\u0442\u0440\u0430\u0442\u043e\u0440"},"logo":{"@id":"http:\/\/asphalt-beton.com\/ru\/#personlogo"},"sameAs":["http:\/\/asphalt-beton.com"]},{"@type":"WebSite","@id":"http:\/\/asphalt-beton.com\/ru\/#website","url":"http:\/\/asphalt-beton.com\/ru\/","name":"Hermes Chemistry","description":"\u0415\u0449\u0451 \u043e\u0434\u0438\u043d \u0441\u0430\u0439\u0442 \u043d\u0430 WordPress","publisher":{"@id":"http:\/\/asphalt-beton.com\/ru\/#\/schema\/person\/23eadd1cd6d17e36a76637d2760d3675"},"potentialAction":[{"@type":"SearchAction","target":{"@type":"EntryPoint","urlTemplate":"http:\/\/asphalt-beton.com\/ru\/?s={search_term_string}"},"query-input":"required name=search_term_string"}],"inLanguage":"de"},{"@type":"ImageObject","@id":"http:\/\/asphalt-beton.com\/de\/impressum\/#primaryimage","inLanguage":"de","url":"http:\/\/asphalt-beton.com\/wp-content\/uploads\/chistyj-oborotnyj-kapital-predpriyatiya-kak-rasschitat-1.jpg","contentUrl":"http:\/\/asphalt-beton.com\/wp-content\/uploads\/chistyj-oborotnyj-kapital-predpriyatiya-kak-rasschitat-1.jpg","width":1920,"height":247},{"@type":"WebPage","@id":"http:\/\/asphalt-beton.com\/de\/impressum\/#webpage","url":"http:\/\/asphalt-beton.com\/de\/impressum\/","name":"Impressum","isPartOf":{"@id":"http:\/\/asphalt-beton.com\/ru\/#website"},"primaryImageOfPage":{"@id":"http:\/\/asphalt-beton.com\/de\/impressum\/#primaryimage"},"datePublished":"2022-02-10T12:10:12+00:00","dateModified":"2022-09-10T06:45:13+00:00","breadcrumb":{"@id":"http:\/\/asphalt-beton.com\/de\/impressum\/#breadcrumb"},"inLanguage":"de","potentialAction":[{"@type":"ReadAction","target":["http:\/\/asphalt-beton.com\/de\/impressum\/"]}]},{"@type":"BreadcrumbList","@id":"http:\/\/asphalt-beton.com\/de\/impressum\/#breadcrumb","itemListElement":[{"@type":"ListItem","position":1,"name":"Zuhause","item":"http:\/\/asphalt-beton.com\/de\/index\/"},{"@type":"ListItem","position":2,"name":"Impressum"}]}]}},"_links":{"self":[{"href":"http:\/\/asphalt-beton.com\/de\/wp-json\/wp\/v2\/pages\/1909"}],"collection":[{"href":"http:\/\/asphalt-beton.com\/de\/wp-json\/wp\/v2\/pages"}],"about":[{"href":"http:\/\/asphalt-beton.com\/de\/wp-json\/wp\/v2\/types\/page"}],"author":[{"embeddable":true,"href":"http:\/\/asphalt-beton.com\/de\/wp-json\/wp\/v2\/users\/1"}],"replies":[{"embeddable":true,"href":"http:\/\/asphalt-beton.com\/de\/wp-json\/wp\/v2\/comments?post=1909"}],"version-history":[{"count":3,"href":"http:\/\/asphalt-beton.com\/de\/wp-json\/wp\/v2\/pages\/1909\/revisions"}],"predecessor-version":[{"id":3206,"href":"http:\/\/asphalt-beton.com\/de\/wp-json\/wp\/v2\/pages\/1909\/revisions\/3206"}],"wp:featuredmedia":[{"embeddable":true,"href":"http:\/\/asphalt-beton.com\/de\/wp-json\/wp\/v2\/media\/3203"}],"wp:attachment":[{"href":"http:\/\/asphalt-beton.com\/de\/wp-json\/wp\/v2\/media?parent=1909"}],"curies":[{"name":"wp","href":"https:\/\/api.w.org\/{rel}","templated":true}]}}